{"id":872,"date":"2025-09-09T22:14:44","date_gmt":"2025-09-09T20:14:44","guid":{"rendered":"https:\/\/masiacanpei.com\/politica-de-privacitat\/"},"modified":"2026-03-08T19:28:11","modified_gmt":"2026-03-08T18:28:11","slug":"politique-de-confidentialite","status":"publish","type":"page","link":"http:\/\/masiacanpei.com\/fr\/politique-de-confidentialite\/","title":{"rendered":"Politique de confidentialit\u00e9"},"content":{"rendered":"<p>La visite de ce site web n&#8217;implique pas que l&#8217;utilisateur soit oblig\u00e9 de fournir des informations sur lui-m\u00eame. Dans le cas o\u00f9 l&#8217;utilisateur fournirait des informations \u00e0 caract\u00e8re personnel en remplissant et en envoyant des formulaires, les donn\u00e9es collect\u00e9es sur ce site web seront utilis\u00e9es aux fins, selon les modalit\u00e9s et avec les limitations et droits \u00e9tablis par la Loi Organique 3\/2018 du 5 d\u00e9cembre relative \u00e0 la Protection des Donn\u00e9es Personnelles et \u00e0 la garantie des droits num\u00e9riques, ainsi que par le R\u00e8glement (UE) 2016\/679 du Parlement europ\u00e9en et du Conseil du 27 avril 2016 relatif \u00e0 la protection des personnes physiques \u00e0 l&#8217;\u00e9gard du traitement des donn\u00e9es \u00e0 caract\u00e8re personnel et \u00e0 la libre circulation de ces donn\u00e9es (R\u00e8glement G\u00e9n\u00e9ral sur la Protection des Donn\u00e9es ou RGPD), et tel qu&#8217;expliqu\u00e9 et d\u00e9taill\u00e9 dans cette politique de protection des donn\u00e9es personnelles.<\/p>\n<p>Ce site web vous demandera express\u00e9ment de lire et d&#8217;accepter cette politique de confidentialit\u00e9 et de protection des donn\u00e9es, conform\u00e9ment \u00e0 la r\u00e9glementation en vigueur, en cochant les cases pr\u00e9vues \u00e0 cet effet. Sur ce site web, avant l&#8217;envoi de vos donn\u00e9es personnelles, vous confirmerez \u00e0 Can Pei S.L que vous avez lu, compris et accept\u00e9 la politique de confidentialit\u00e9 et de protection des donn\u00e9es. Si vous n&#8217;\u00eates pas d&#8217;accord, ne cochez pas les cases et contactez Can Pei S.L par un autre canal.<\/p>\n<p>En conformit\u00e9 avec les dispositions de cette r\u00e9glementation, Can Pei S.L est responsable des fichiers et, \u00e0 ce titre, vous informe que vos donn\u00e9es personnelles collect\u00e9es via le site web feront l&#8217;objet d&#8217;un traitement s\u00e9curis\u00e9 dans nos syst\u00e8mes. Il est pr\u00e9cis\u00e9 que ce site web ainsi que les fichiers et syst\u00e8mes de Can Pei S.L sont prot\u00e9g\u00e9s par des mesures de s\u00e9curit\u00e9 informatique emp\u00eachant le libre acc\u00e8s, garantissant que l&#8217;acc\u00e8s et le traitement soient s\u00fbrs, confidentiels, anonymes et conformes aux normes de s\u00e9curit\u00e9 informatique \u00e9tablies par la LOPDGDD et le RGPD. Ces mesures de s\u00e9curit\u00e9 sont ad\u00e9quates, n\u00e9cessaires et proportionn\u00e9es pour garantir l&#8217;absence d&#8217;acc\u00e8s non autoris\u00e9s ou de violations de la s\u00e9curit\u00e9 du syst\u00e8me.<\/p>\n<p>Les finalit\u00e9s des donn\u00e9es demand\u00e9es, qui sont int\u00e9gr\u00e9es aux fichiers g\u00e9r\u00e9s par Can Pei S.L, sont :<\/p>\n<p>Dans le cas o\u00f9 les donn\u00e9es collect\u00e9es seraient utilis\u00e9es pour une finalit\u00e9 diff\u00e9rente de celle pour laquelle elles ont \u00e9t\u00e9 recueillies, le consentement expr\u00e8s et pr\u00e9alable des int\u00e9ress\u00e9s sera n\u00e9cessaire.<\/p>\n<p>Conform\u00e9ment \u00e0 cette r\u00e9glementation, Can Pei S.L, en tant que Responsable du Fichier, vous informe que vos donn\u00e9es personnelles collect\u00e9es via le Site Web feront l&#8217;objet d&#8217;un traitement automatis\u00e9 dans nos fichiers d\u00fbment enregistr\u00e9s aupr\u00e8s de l&#8217;Agence Espagnole de Protection des Donn\u00e9es aux fins d\u00e9taill\u00e9es pr\u00e9c\u00e9demment.<\/p>\n<p>Les donn\u00e9es fournies pourront \u00eatre c\u00e9d\u00e9es \u00e0 des tiers dans l&#8217;unique but de g\u00e9rer la demande formul\u00e9e par l&#8217;utilisateur et pour l&#8217;ex\u00e9cution de nos obligations l\u00e9gales (conseils, collaboration avec les Autorit\u00e9s et Administrations Publiques, etc.). Can Pei S.L garantit que les cessionnaires des donn\u00e9es disposent d&#8217;un niveau de s\u00e9curit\u00e9 pour le traitement \u00e9gal ou sup\u00e9rieur \u00e0 celui de Can Pei S.L et qu&#8217;un contrat pr\u00e9alable r\u00e9git la s\u00e9curit\u00e9 de cette cession.<\/p>\n<p>Can Pei S.L vous informe express\u00e9ment qu&#8217;elle ne proc\u00e8de \u00e0 aucun transfert international de donn\u00e9es.<\/p>\n<p>Nous proc\u00e9derons \u00e0 l&#8217;annulation et \u00e0 la suppression des donn\u00e9es collect\u00e9es lorsqu&#8217;elles ne seront plus n\u00e9cessaires ou pertinentes pour la finalit\u00e9 pour laquelle elles ont \u00e9t\u00e9 recueillies, ou lorsque vous, en tant qu&#8217;utilisateur, en ferez la demande conform\u00e9ment \u00e0 votre droit de suppression.<\/p>\n<p>Une fois que vous demandez la suppression de vos donn\u00e9es dans l&#8217;exercice de vos droits de protection des donn\u00e9es, ou que celles-ci ne sont plus n\u00e9cessaires ou pertinentes pour la finalit\u00e9 initiale, ou qu&#8217;elles sont rest\u00e9es inactives pendant plus d&#8217;un an, Can Pei S.L les transf\u00e9rera vers un fichier temporaire prot\u00e9g\u00e9 par des syst\u00e8mes d&#8217;anonymisation et de confidentialit\u00e9 informatique. L&#8217;unique but sera de conserver les donn\u00e9es sans les traiter afin de respecter les obligations l\u00e9gales de conservation obligatoire pr\u00e9vues par les diff\u00e9rentes r\u00e9glementations.<\/p>\n<p>&nbsp;<\/p>\n<p>En tant qu&#8217;utilisateur et personne concern\u00e9e, et en vertu de votre droit \u00e0 l&#8217;information, nous vous informons express\u00e9ment dans cette section que vous \u00eates titulaire des droits indiqu\u00e9s ci-dessous, lesquels sont respect\u00e9s par Can Pei S.L dans le traitement de vos donn\u00e9es \u00e0 caract\u00e8re personnel :<\/p>\n<h3>Droit d\u2019acc\u00e8s<\/h3>\n<p>En vertu du droit d&#8217;acc\u00e8s, la personne concern\u00e9e peut obtenir du responsable du traitement des informations relatives \u00e0 des donn\u00e9es sp\u00e9cifiques incluses dans un fichier d\u00e9termin\u00e9, ou \u00e0 la totalit\u00e9 de ses donn\u00e9es soumises au traitement. Ce droit constitue le pilier des droits de l&#8217;int\u00e9ress\u00e9, car il lui permet de conna\u00eetre les donn\u00e9es trait\u00e9es et, par cons\u00e9quent, d&#8217;exercer son pouvoir de contr\u00f4le sur celles-ci. Ainsi, l&#8217;int\u00e9ress\u00e9 est habilit\u00e9 \u00e0 conna\u00eetre les informations le concernant figurant dans les bases de donn\u00e9es et fichiers, qu&#8217;ils soient automatis\u00e9s ou non.<\/p>\n<h3>Droit de rectification<\/h3>\n<p>C&#8217;est le droit de l&#8217;int\u00e9ress\u00e9 de modifier les donn\u00e9es qui s&#8217;av\u00e8rent inexactes ou incompl\u00e8tes.<\/p>\n<h3>Droit de suppression (annulation)<\/h3>\n<p>L&#8217;exercice du droit de suppression entra\u00eenera l&#8217;effacement des donn\u00e9es qui s&#8217;av\u00e8rent inad\u00e9quates ou excessives, sans pr\u00e9judice de l&#8217;obligation de blocage conform\u00e9ment \u00e0 la r\u00e9glementation en vigueur.<\/p>\n<h3>Droit d\u2019opposition<\/h3>\n<p>C&#8217;est le droit de l&#8217;int\u00e9ress\u00e9 de s&#8217;opposer au traitement de ses donn\u00e9es personnelles ou d&#8217;y mettre fin dans les cas pr\u00e9vus par la r\u00e9glementation en vigueur.<\/p>\n<h3>Droit de transparence<\/h3>\n<p>Tout traitement de donn\u00e9es personnelles doit \u00eatre licite et loyal. Pour les personnes physiques, il doit \u00eatre parfaitement clair que des donn\u00e9es personnelles les concernant sont collect\u00e9es, utilis\u00e9es, consult\u00e9es ou trait\u00e9es d&#8217;une autre mani\u00e8re, ainsi que l&#8217;\u00e9tendue du traitement actuel ou futur de ces donn\u00e9es.<\/p>\n<h3>Droit \u00e0 l\u2019oubli<\/h3>\n<p>La personne concern\u00e9e a le droit d&#8217;obtenir du responsable du traitement, dans les meilleurs d\u00e9lais, l&#8217;effacement des donn\u00e9es \u00e0 caract\u00e8re personnel la concernant, lequel est tenu de les effacer sans retard indu lorsque l&#8217;une des circonstances pr\u00e9vues par la r\u00e9glementation en vigueur s&#8217;applique.<\/p>\n<h3>Droit \u00e0 la limitation du traitement<\/h3>\n<p>La personne concern\u00e9e a le droit d&#8217;obtenir du responsable du traitement la limitation du traitement des donn\u00e9es lorsque les conditions pr\u00e9vues par la r\u00e9glementation en vigueur sont remplies.<\/p>\n<h3>Droit \u00e0 la portabilit\u00e9 des donn\u00e9es<\/h3>\n<p>La personne concern\u00e9e a le droit de recevoir les donn\u00e9es \u00e0 caract\u00e8re personnel la concernant, qu&#8217;elle a fournies \u00e0 un responsable du traitement, dans un format structur\u00e9, couramment utilis\u00e9 et lisible par machine, et a le droit de transmettre ces donn\u00e9es \u00e0 un autre responsable du traitement sans que le responsable du traitement auquel les donn\u00e9es \u00e0 caract\u00e8re personnel ont \u00e9t\u00e9 communiqu\u00e9es y fasse obstacle.<\/p>\n<p>Tous les droits pr\u00e9c\u00e9dents, ainsi que ceux qui pourraient d\u00e9couler de la r\u00e9glementation en vigueur en mati\u00e8re de protection des donn\u00e9es, tant au niveau national qu&#8217;europ\u00e9en, m\u00eame s&#8217;ils ne figurent pas dans la liste ci-dessus, sont respect\u00e9s par Can Pei S.L.<\/p>\n<p>Ces droits s&#8217;exerceront :<\/p>\n<ul>\n<li>Par l&#8217;int\u00e9ress\u00e9, en prouvant son identit\u00e9, comme \u00e9tabli dans la section suivante.<\/li>\n<li>Lorsque l&#8217;int\u00e9ress\u00e9 est en situation de handicap ou mineur l&#8217;emp\u00eachant d&#8217;exercer ces droits, ils pourront \u00eatre exerc\u00e9s par son repr\u00e9sentant l\u00e9gal, apr\u00e8s accr\u00e9ditation de cette condition.<\/li>\n<li>Ils pourront \u00e9galement \u00eatre exerc\u00e9s par un repr\u00e9sentant volontaire, express\u00e9ment d\u00e9sign\u00e9 pour l&#8217;exercice du droit. Dans ce cas, l&#8217;identit\u00e9 du repr\u00e9sent\u00e9 devra \u00eatre clairement prouv\u00e9e par la fourniture d&#8217;une copie de sa Carte Nationale d&#8217;Identit\u00e9 ou document \u00e9quivalent, ainsi que de la repr\u00e9sentation conf\u00e9r\u00e9e.<\/li>\n<\/ul>\n<p>Les conditions g\u00e9n\u00e9rales pour l&#8217;exercice des droits sont :<\/p>\n<ul>\n<li>Ce sont des droits ind\u00e9pendants ; l&#8217;exercice de l&#8217;un n&#8217;est pas une condition pr\u00e9alable \u00e0 l&#8217;exercice d&#8217;un autre.<\/li>\n<li>L&#8217;exercice de ses droits par l&#8217;int\u00e9ress\u00e9 est gratuit.<\/li>\n<li>L&#8217;exercice des droits doit \u00eatre effectu\u00e9 en cochant la case pr\u00e9vue \u00e0 cet effet dans chacun de nos e-mails (newsletter), ce qui a un effet automatique, ou, si vous pr\u00e9f\u00e9rez, par communication adress\u00e9e au responsable du fichier, par courrier postal \u00e0 nos bureaux situ\u00e9s \u00e0 G\u00e9rone, Masia Can Pei, S\/N, Catalogne, Espagne ou par e-mail \u00e0 info@canpei.cat.<\/li>\n<\/ul>\n<p>Can Pei S.L informe express\u00e9ment que toutes les mesures techniques et organisationnelles n\u00e9cessaires \u00e0 sa port\u00e9e ont \u00e9t\u00e9 adopt\u00e9es pour garantir la s\u00e9curit\u00e9 et l&#8217;int\u00e9grit\u00e9 des donn\u00e9es, ainsi que pour \u00e9viter leur alt\u00e9ration, perte, traitement ou acc\u00e8s non autoris\u00e9.<\/p>\n<p>Les donn\u00e9es demand\u00e9es sur le Site Web sont obligatoires. Le refus de fournir les donn\u00e9es demand\u00e9es entra\u00eenera la non-prestation ou l&#8217;impossibilit\u00e9 d&#8217;acc\u00e9der au service pour lequel elles \u00e9taient requises car, sans ces informations et votre consentement expr\u00e8s pour leur traitement, cette partie ne pourrait pas remplir ses obligations l\u00e9gales d\u00e9coulant de la r\u00e9glementation en vigueur sur la Protection des Donn\u00e9es Personnelles.<\/p>\n<p>L&#8217;acc\u00e8s \u00e0 ce Site Web peut impliquer l&#8217;utilisation de cookies. Consultez notre politique de cookies au lien suivant :<br \/>\n<a href=\"https:\/\/canpei.cat\/politica-de-cookies\">https:\/\/canpei.cat\/politica-de-cookies<\/a><\/p>\n","protected":false},"excerpt":{"rendered":"<p>La visite de ce site web n&#8217;implique pas que l&#8217;utilisateur soit oblig\u00e9 de fournir des informations sur lui-m\u00eame. Dans le cas o\u00f9 l&#8217;utilisateur fournirait des informations \u00e0 caract\u00e8re personnel en remplissant et en envoyant des formulaires, les donn\u00e9es collect\u00e9es sur ce site web seront utilis\u00e9es aux fins, selon les modalit\u00e9s et avec les limitations et [&hellip;]<\/p>\n","protected":false},"author":1,"featured_media":0,"parent":0,"menu_order":0,"comment_status":"closed","ping_status":"closed","template":"","meta":{"_acf_changed":false,"footnotes":""},"class_list":["post-872","page","type-page","status-publish","hentry"],"acf":[],"yoast_head":"<!-- This site is optimized with the Yoast SEO plugin v27.3 - https:\/\/yoast.com\/product\/yoast-seo-wordpress\/ -->\n<title>Politique de confidentialit\u00e9 - Sections webcooking<\/title>\n<meta name=\"robots\" content=\"index, nofollow, max-snippet:-1, max-image-preview:large, max-video-preview:-1\" \/>\n<link rel=\"canonical\" href=\"https:\/\/masiacanpei.com\/fr\/politique-de-confidentialite\/\" \/>\n<meta property=\"og:locale\" content=\"fr_FR\" \/>\n<meta property=\"og:type\" content=\"article\" \/>\n<meta property=\"og:title\" content=\"Politique de confidentialit\u00e9 - Sections webcooking\" \/>\n<meta property=\"og:description\" content=\"La visite de ce site web n&#8217;implique pas que l&#8217;utilisateur soit oblig\u00e9 de fournir des informations sur lui-m\u00eame. Dans le cas o\u00f9 l&#8217;utilisateur fournirait des informations \u00e0 caract\u00e8re personnel en remplissant et en envoyant des formulaires, les donn\u00e9es collect\u00e9es sur ce site web seront utilis\u00e9es aux fins, selon les modalit\u00e9s et avec les limitations et [&hellip;]\" \/>\n<meta property=\"og:url\" content=\"https:\/\/masiacanpei.com\/fr\/politique-de-confidentialite\/\" \/>\n<meta property=\"og:site_name\" content=\"Sections webcooking\" \/>\n<meta property=\"article:modified_time\" content=\"2026-03-08T18:28:11+00:00\" \/>\n<meta name=\"twitter:card\" content=\"summary_large_image\" \/>\n<meta name=\"twitter:label1\" content=\"Est. reading time\" \/>\n\t<meta name=\"twitter:data1\" content=\"8 minutes\" \/>\n<script type=\"application\/ld+json\" class=\"yoast-schema-graph\">{\"@context\":\"https:\\\/\\\/schema.org\",\"@graph\":[{\"@type\":\"WebPage\",\"@id\":\"https:\\\/\\\/masiacanpei.com\\\/fr\\\/politique-de-confidentialite\\\/\",\"url\":\"https:\\\/\\\/masiacanpei.com\\\/fr\\\/politique-de-confidentialite\\\/\",\"name\":\"Politique de confidentialit\u00e9 - Sections webcooking\",\"isPartOf\":{\"@id\":\"https:\\\/\\\/masiacanpei.com\\\/en\\\/#website\"},\"datePublished\":\"2025-09-09T20:14:44+00:00\",\"dateModified\":\"2026-03-08T18:28:11+00:00\",\"breadcrumb\":{\"@id\":\"https:\\\/\\\/masiacanpei.com\\\/fr\\\/politique-de-confidentialite\\\/#breadcrumb\"},\"inLanguage\":\"fr-FR\",\"potentialAction\":[{\"@type\":\"ReadAction\",\"target\":[\"https:\\\/\\\/masiacanpei.com\\\/fr\\\/politique-de-confidentialite\\\/\"]}]},{\"@type\":\"BreadcrumbList\",\"@id\":\"https:\\\/\\\/masiacanpei.com\\\/fr\\\/politique-de-confidentialite\\\/#breadcrumb\",\"itemListElement\":[{\"@type\":\"ListItem\",\"position\":1,\"name\":\"Inici\",\"item\":\"http:\\\/\\\/www.masiacanpei.com\\\/fr\\\/\"},{\"@type\":\"ListItem\",\"position\":2,\"name\":\"Politique de confidentialit\u00e9\"}]},{\"@type\":\"WebSite\",\"@id\":\"https:\\\/\\\/masiacanpei.com\\\/en\\\/#website\",\"url\":\"https:\\\/\\\/masiacanpei.com\\\/en\\\/\",\"name\":\"Sections webcooking\",\"description\":\"\",\"potentialAction\":[{\"@type\":\"SearchAction\",\"target\":{\"@type\":\"EntryPoint\",\"urlTemplate\":\"https:\\\/\\\/masiacanpei.com\\\/en\\\/?s={search_term_string}\"},\"query-input\":{\"@type\":\"PropertyValueSpecification\",\"valueRequired\":true,\"valueName\":\"search_term_string\"}}],\"inLanguage\":\"fr-FR\"}]}<\/script>\n<!-- \/ Yoast SEO plugin. -->","yoast_head_json":{"title":"Politique de confidentialit\u00e9 - Sections webcooking","robots":{"index":"index","follow":"nofollow","max-snippet":"max-snippet:-1","max-image-preview":"max-image-preview:large","max-video-preview":"max-video-preview:-1"},"canonical":"https:\/\/masiacanpei.com\/fr\/politique-de-confidentialite\/","og_locale":"fr_FR","og_type":"article","og_title":"Politique de confidentialit\u00e9 - Sections webcooking","og_description":"La visite de ce site web n&#8217;implique pas que l&#8217;utilisateur soit oblig\u00e9 de fournir des informations sur lui-m\u00eame. Dans le cas o\u00f9 l&#8217;utilisateur fournirait des informations \u00e0 caract\u00e8re personnel en remplissant et en envoyant des formulaires, les donn\u00e9es collect\u00e9es sur ce site web seront utilis\u00e9es aux fins, selon les modalit\u00e9s et avec les limitations et [&hellip;]","og_url":"https:\/\/masiacanpei.com\/fr\/politique-de-confidentialite\/","og_site_name":"Sections webcooking","article_modified_time":"2026-03-08T18:28:11+00:00","twitter_card":"summary_large_image","twitter_misc":{"Est. reading time":"8 minutes"},"schema":{"@context":"https:\/\/schema.org","@graph":[{"@type":"WebPage","@id":"https:\/\/masiacanpei.com\/fr\/politique-de-confidentialite\/","url":"https:\/\/masiacanpei.com\/fr\/politique-de-confidentialite\/","name":"Politique de confidentialit\u00e9 - Sections webcooking","isPartOf":{"@id":"https:\/\/masiacanpei.com\/en\/#website"},"datePublished":"2025-09-09T20:14:44+00:00","dateModified":"2026-03-08T18:28:11+00:00","breadcrumb":{"@id":"https:\/\/masiacanpei.com\/fr\/politique-de-confidentialite\/#breadcrumb"},"inLanguage":"fr-FR","potentialAction":[{"@type":"ReadAction","target":["https:\/\/masiacanpei.com\/fr\/politique-de-confidentialite\/"]}]},{"@type":"BreadcrumbList","@id":"https:\/\/masiacanpei.com\/fr\/politique-de-confidentialite\/#breadcrumb","itemListElement":[{"@type":"ListItem","position":1,"name":"Inici","item":"http:\/\/www.masiacanpei.com\/fr\/"},{"@type":"ListItem","position":2,"name":"Politique de confidentialit\u00e9"}]},{"@type":"WebSite","@id":"https:\/\/masiacanpei.com\/en\/#website","url":"https:\/\/masiacanpei.com\/en\/","name":"Sections webcooking","description":"","potentialAction":[{"@type":"SearchAction","target":{"@type":"EntryPoint","urlTemplate":"https:\/\/masiacanpei.com\/en\/?s={search_term_string}"},"query-input":{"@type":"PropertyValueSpecification","valueRequired":true,"valueName":"search_term_string"}}],"inLanguage":"fr-FR"}]}},"_links":{"self":[{"href":"http:\/\/masiacanpei.com\/fr\/wp-json\/wp\/v2\/pages\/872","targetHints":{"allow":["GET"]}}],"collection":[{"href":"http:\/\/masiacanpei.com\/fr\/wp-json\/wp\/v2\/pages"}],"about":[{"href":"http:\/\/masiacanpei.com\/fr\/wp-json\/wp\/v2\/types\/page"}],"author":[{"embeddable":true,"href":"http:\/\/masiacanpei.com\/fr\/wp-json\/wp\/v2\/users\/1"}],"replies":[{"embeddable":true,"href":"http:\/\/masiacanpei.com\/fr\/wp-json\/wp\/v2\/comments?post=872"}],"version-history":[{"count":2,"href":"http:\/\/masiacanpei.com\/fr\/wp-json\/wp\/v2\/pages\/872\/revisions"}],"predecessor-version":[{"id":880,"href":"http:\/\/masiacanpei.com\/fr\/wp-json\/wp\/v2\/pages\/872\/revisions\/880"}],"wp:attachment":[{"href":"http:\/\/masiacanpei.com\/fr\/wp-json\/wp\/v2\/media?parent=872"}],"curies":[{"name":"wp","href":"https:\/\/api.w.org\/{rel}","templated":true}]}}