{"id":871,"date":"2025-09-09T22:27:08","date_gmt":"2025-09-09T20:27:08","guid":{"rendered":"https:\/\/masiacanpei.com\/politica-de-cookies\/"},"modified":"2026-03-08T19:27:28","modified_gmt":"2026-03-08T18:27:28","slug":"politique-de-cookies","status":"publish","type":"page","link":"http:\/\/masiacanpei.com\/fr\/politique-de-cookies\/","title":{"rendered":"Politique de cookies"},"content":{"rendered":"<p>Un cookie est un fichier qui se t\u00e9l\u00e9charge sur l&#8217;appareil depuis lequel vous consultez ou visualisez notre site web (ordinateur \/ smartphone \/ tablette) et qui est t\u00e9l\u00e9charg\u00e9 au moment d&#8217;acc\u00e9der \u00e0 certaines pages web pour stocker et r\u00e9cup\u00e9rer des informations sur la navigation effectu\u00e9e depuis l&#8217;appareil.<\/p>\n<p>&nbsp;<\/p>\n<h2>Il existe diff\u00e9rents types de \u00ab cookies \u00bb<\/h2>\n<p>Selon le propri\u00e9taire du cookie<\/p>\n<h4>Cookies propres<\/h4>\n<p>Ce sont ceux qui sont envoy\u00e9s \u00e0 l&#8217;\u00e9quipement terminal de l&#8217;utilisateur depuis un ordinateur ou un domaine g\u00e9r\u00e9 par l&#8217;\u00e9diteur lui-m\u00eame et \u00e0 partir duquel le service demand\u00e9 par l&#8217;utilisateur est fourni.<\/p>\n<h4>Cookies de tiers<\/h4>\n<p>Ce sont ceux qui sont envoy\u00e9s \u00e0 l&#8217;\u00e9quipement terminal de l&#8217;utilisateur depuis un ordinateur ou un domaine qui n&#8217;est pas g\u00e9r\u00e9 par l&#8217;\u00e9diteur, mais par une autre entit\u00e9 qui traite les donn\u00e9es obtenues via les cookies.<\/p>\n<h3>Selon la dur\u00e9e du cookie<\/h3>\n<p><strong>Cookies de session<\/strong> Il s&#8217;agit d&#8217;un type de cookies con\u00e7us pour collecter et stocker des donn\u00e9es pendant que l&#8217;utilisateur acc\u00e8de \u00e0 une page web.<\/p>\n<h4>Cookies persistants<\/h4>\n<p>Il s&#8217;agit d&#8217;un type de cookies dans lesquels les donn\u00e9es restent stock\u00e9es sur le terminal et peuvent \u00eatre consult\u00e9es et trait\u00e9es pendant une p\u00e9riode d\u00e9finie par le responsable du cookie, pouvant aller de quelques minutes \u00e0 plusieurs ann\u00e9es.<\/p>\n<h3>Selon la finalit\u00e9 du cookie<\/h3>\n<h4>Cookies d&#8217;analyse<\/h4>\n<p>Ceux qui, qu&#8217;ils soient trait\u00e9s par nous ou par des tiers, permettent de quantifier le nombre d&#8217;utilisateurs et ainsi de r\u00e9aliser la mesure et l&#8217;analyse statistique de l&#8217;utilisation faite par les utilisateurs du service propos\u00e9. Pour ce faire, nous analysons votre navigation sur notre site web afin d&#8217;am\u00e9liorer l&#8217;offre de produits ou de services que nous vous proposons.<\/p>\n<h4>Cookies publicitaires<\/h4>\n<p>Ce sont ceux qui permettent la gestion, de la mani\u00e8re la plus efficace possible, des espaces publicitaires que, le cas \u00e9ch\u00e9ant, l&#8217;\u00e9diteur a inclus sur une page web, une application ou une plateforme \u00e0 partir de laquelle le service demand\u00e9 est fourni, sur la base de crit\u00e8res tels que le contenu \u00e9dit\u00e9 ou la fr\u00e9quence d&#8217;affichage des publicit\u00e9s.<\/p>\n<h4>Cookies de publicit\u00e9 comportementale<\/h4>\n<p>Ce sont ceux qui permettent la gestion, de la mani\u00e8re la plus efficace possible, des espaces publicitaires que, le cas \u00e9ch\u00e9ant, l&#8217;\u00e9diteur a inclus sur une page web, une application ou une plateforme \u00e0 partir de laquelle le service demand\u00e9 est fourni. Ces cookies stockent des informations sur le comportement des utilisateurs obtenues par l&#8217;observation continue de leurs habitudes de navigation, ce qui permet de d\u00e9velopper un profil sp\u00e9cifique pour afficher de la publicit\u00e9 en fonction de celui-ci.<\/p>\n<p>Il est \u00e9galement possible qu&#8217;en visitant une page web ou en ouvrant un e-mail o\u00f9 est publi\u00e9e une publicit\u00e9 ou une promotion sur nos produits ou services, un cookie soit install\u00e9 sur votre navigateur afin de vous montrer ult\u00e9rieurement de la publicit\u00e9 li\u00e9e \u00e0 la recherche que vous avez effectu\u00e9e, et de d\u00e9velopper un contr\u00f4le de nos publicit\u00e9s en relation, par exemple, avec le nombre de fois qu&#8217;elles sont vues, o\u00f9 elles apparaissent, \u00e0 quelle heure elles sont vues, etc.<\/p>\n<h4>Cookies techniques<\/h4>\n<p>Ce sont ceux qui permettent \u00e0 l&#8217;utilisateur de naviguer sur une page web, une plateforme ou une application et d&#8217;utiliser les diff\u00e9rentes options ou services qui y existent, comme le contr\u00f4le du trafic et de la communication de donn\u00e9es, l&#8217;identification de la session, l&#8217;acc\u00e8s \u00e0 des parties d&#8217;acc\u00e8s restreint, la m\u00e9morisation des \u00e9l\u00e9ments d&#8217;une commande, la r\u00e9alisation du processus d&#8217;achat d&#8217;une commande, la demande d&#8217;inscription ou de participation \u00e0 un \u00e9v\u00e9nement, l&#8217;utilisation d&#8217;\u00e9l\u00e9ments de s\u00e9curit\u00e9 pendant la navigation, le stockage de contenus pour la diffusion de vid\u00e9os ou de sons ou le partage de contenus via les r\u00e9seaux sociaux.<\/p>\n<h4>Cookies de personnalisation<\/h4>\n<p>Ce sont ceux qui permettent \u00e0 l&#8217;utilisateur d&#8217;acc\u00e9der au service avec certaines caract\u00e9ristiques g\u00e9n\u00e9rales pr\u00e9d\u00e9finies en fonction d&#8217;une s\u00e9rie de crit\u00e8res sur le terminal de l&#8217;utilisateur, tels que la langue, le type de navigateur par lequel on acc\u00e8de au service, la configuration r\u00e9gionale d&#8217;o\u00f9 l&#8217;on acc\u00e8de au service, etc.<\/p>\n<h2>CAN PEI utilise les cookies suivants sur ce site web, d\u00e9taill\u00e9s dans le tableau suivant :<\/h2>\n<p><strong>Cookies strictement n\u00e9cessaires \u00e0 la fourniture de certains services express\u00e9ment demand\u00e9s par l&#8217;utilisateur :<\/strong> si ces cookies sont d\u00e9sactiv\u00e9s, vous ne pourrez pas recevoir correctement nos contenus et services ; et <strong>cookies analytiques (pour le suivi et l&#8217;analyse statistique du comportement de tous les utilisateurs), publicitaires (pour la gestion des espaces publicitaires selon des crit\u00e8res tels que la fr\u00e9quence d&#8217;affichage des publicit\u00e9s) et comportementaux (pour la gestion des espaces publicitaires selon le profil sp\u00e9cifique de l&#8217;utilisateur)<\/strong>. Si ces cookies sont d\u00e9sactiv\u00e9s, le site web pourra continuer \u00e0 fonctionner, sans pr\u00e9judice du fait que les informations collect\u00e9es par ces cookies sur l&#8217;utilisation de notre site web et le succ\u00e8s des publicit\u00e9s affich\u00e9es permettent d&#8217;am\u00e9liorer nos services et d&#8217;obtenir des revenus nous permettant de proposer de nombreux contenus gratuitement.<\/p>\n<h2>Cookies propres<\/h2>\n<p><strong>Cookie : <\/strong>canpei_cookies<\/p>\n<p><strong>Type de valeur : <\/strong>texte<\/p>\n<p><strong>Finalit\u00e9 : <\/strong>Ce cookie est g\u00e9n\u00e9r\u00e9 dans le but d&#8217;afficher \u00e0 l&#8217;utilisateur l&#8217;avis relatif \u00e0 la politique de cookies uniquement lors de sa premi\u00e8re session.<\/p>\n<h2>Cookies de tiers<\/h2>\n<p>(les informations ont \u00e9t\u00e9 fournies par des tiers)<\/p>\n<table border=\"1\" cellpadding=\"8\" cellspacing=\"0\">\n<thead>\n<tr>\n<th>Cookie<\/th>\n<th>Expiration<\/th>\n<th>Finalit\u00e9<\/th>\n<\/tr>\n<\/thead>\n<tbody>\n<tr>\n<td>__ga<\/td>\n<td>deux ans<\/td>\n<td>Ce cookie est utilis\u00e9 pour distinguer les utilisateurs uniques en attribuant un num\u00e9ro g\u00e9n\u00e9r\u00e9 de mani\u00e8re al\u00e9atoire comme identifiant client. Il est inclus dans chaque demande de page d&#8217;un site et est utilis\u00e9 pour calculer le volume de visiteurs, de sessions et de donn\u00e9es pour les rapports d&#8217;analyse web.<\/td>\n<\/tr>\n<tr>\n<td>__utma<\/td>\n<td>deux ans<\/td>\n<td>Utilis\u00e9 pour distinguer les utilisateurs et les sessions. Le cookie est cr\u00e9\u00e9 lors de l&#8217;ex\u00e9cution de la biblioth\u00e8que JavaScript et si aucun cookie __utma n&#8217;existe d\u00e9j\u00e0. Le cookie est mis \u00e0 jour chaque fois que des donn\u00e9es sont envoy\u00e9es \u00e0 Google Analytics.<\/td>\n<\/tr>\n<tr>\n<td>__utmb<\/td>\n<td>30 minutes<\/td>\n<td>Utilis\u00e9 pour d\u00e9terminer de nouvelles sessions ou visites. Le cookie est cr\u00e9\u00e9 lors de l&#8217;ex\u00e9cution de la biblioth\u00e8que JavaScript et si aucun cookie __utmb n&#8217;existe d\u00e9j\u00e0. Le cookie est mis \u00e0 jour chaque fois que des donn\u00e9es sont envoy\u00e9es \u00e0 Google Analytics.<\/td>\n<\/tr>\n<tr>\n<td>__utmc<\/td>\n<td>Fin de la session du navigateur<\/td>\n<td>N&#8217;est pas utilis\u00e9 dans ga.js. Configur\u00e9 pour interagir avec urchin.js. Auparavant, ce cookie fonctionnait conjointement avec le cookie __utmb pour d\u00e9terminer si l&#8217;utilisateur \u00e9tait dans une nouvelle session ou visite.<\/td>\n<\/tr>\n<tr>\n<td>__utmz<\/td>\n<td>six mois<\/td>\n<td>Stocke la source de trafic ou la campagne qui explique comment l&#8217;utilisateur est arriv\u00e9 sur le site. Le cookie est cr\u00e9\u00e9 lors de l&#8217;ex\u00e9cution de la biblioth\u00e8que JavaScript et est mis \u00e0 jour chaque fois que des donn\u00e9es sont envoy\u00e9es \u00e0 Google Analytics.<\/td>\n<\/tr>\n<tr>\n<td>__utmv<\/td>\n<td>deux ans<\/td>\n<td>Utilis\u00e9 pour stocker des donn\u00e9es de variables personnalis\u00e9es du visiteur. Ce cookie est cr\u00e9\u00e9 lorsqu&#8217;un d\u00e9veloppeur utilise la m\u00e9thode _setCustomVar avec une variable personnalis\u00e9e du visiteur. Il \u00e9tait \u00e9galement utilis\u00e9 pour la m\u00e9thode retir\u00e9e _setVar. Le cookie est mis \u00e0 jour chaque fois que des donn\u00e9es sont envoy\u00e9es \u00e0 Google Analytics.<\/td>\n<\/tr>\n<\/tbody>\n<\/table>\n<p>&nbsp;<\/p>\n<p>Les informations obtenues via ces cookies, relatives \u00e0 l&#8217;\u00e9quipement de l&#8217;utilisateur, peuvent \u00eatre combin\u00e9es avec vos donn\u00e9es personnelles uniquement si vous \u00eates inscrit sur ce site web.<\/p>\n<h2>D\u00c9SACTIVATION DES COOKIES<\/h2>\n<p>L&#8217;utilisateur peut, \u00e0 tout moment, choisir les cookies qu&#8217;il souhaite voir fonctionner sur ce site web via la configuration du navigateur ; par exemple :<\/p>\n<ul>\n<li><a href=\"https:\/\/support.google.com\/chrome\/answer\/95647\" target=\"_blank\" rel=\"noopener noreferrer\">Chrome, par ici.<\/a><\/li>\n<li><a href=\"https:\/\/support.microsoft.com\/fr-fr\/help\/17442\/windows-internet-explorer-delete-manage-cookies\" target=\"_blank\" rel=\"noopener noreferrer\">Explorer, par ici.<\/a><\/li>\n<li><a href=\"https:\/\/support.mozilla.org\/fr\/kb\/activer-desactiver-cookies-preferences\" target=\"_blank\" rel=\"noopener noreferrer\">Firefox, par ici.<\/a><\/li>\n<li><a href=\"https:\/\/support.apple.com\/fr-fr\/HT201265\" target=\"_blank\" rel=\"noopener noreferrer\">Safari, par ici.<\/a><\/li>\n<\/ul>\n<p>CAN PEI n&#8217;est pas responsable du contenu et de la v\u00e9racit\u00e9 des politiques de confidentialit\u00e9 des tiers incluses dans cette politique de cookies. Si vous avez des doutes sur cette politique de cookies, vous pouvez contacter CAN PEI via une communication adress\u00e9e au responsable du fichier, par courrier postal \u00e0 nos bureaux situ\u00e9s \u00e0 G\u00e9rone, Masia Can Pei, S\/N, Catalogne, Espagne ou par e-mail \u00e0 <a href=\"mailto:info@canpei.cat\">info@canpei.cat<\/a>.<\/p>\n","protected":false},"excerpt":{"rendered":"<p>Un cookie est un fichier qui se t\u00e9l\u00e9charge sur l&#8217;appareil depuis lequel vous consultez ou visualisez notre site web (ordinateur \/ smartphone \/ tablette) et qui est t\u00e9l\u00e9charg\u00e9 au moment d&#8217;acc\u00e9der \u00e0 certaines pages web pour stocker et r\u00e9cup\u00e9rer des informations sur la navigation effectu\u00e9e depuis l&#8217;appareil. &nbsp; Il existe diff\u00e9rents types de \u00ab cookies [&hellip;]<\/p>\n","protected":false},"author":1,"featured_media":0,"parent":0,"menu_order":0,"comment_status":"closed","ping_status":"closed","template":"","meta":{"_acf_changed":false,"footnotes":""},"class_list":["post-871","page","type-page","status-publish","hentry"],"acf":[],"yoast_head":"<!-- This site is optimized with the Yoast SEO plugin v27.3 - https:\/\/yoast.com\/product\/yoast-seo-wordpress\/ -->\n<title>Politique de cookies - Sections webcooking<\/title>\n<meta name=\"robots\" content=\"index, nofollow, max-snippet:-1, max-image-preview:large, max-video-preview:-1\" \/>\n<link rel=\"canonical\" href=\"http:\/\/www.masiacanpei.com\/fr\/politique-de-cookies\/\" \/>\n<meta property=\"og:locale\" content=\"fr_FR\" \/>\n<meta property=\"og:type\" content=\"article\" \/>\n<meta property=\"og:title\" content=\"Politique de cookies - Sections webcooking\" \/>\n<meta property=\"og:description\" content=\"Un cookie est un fichier qui se t\u00e9l\u00e9charge sur l&#8217;appareil depuis lequel vous consultez ou visualisez notre site web (ordinateur \/ smartphone \/ tablette) et qui est t\u00e9l\u00e9charg\u00e9 au moment d&#8217;acc\u00e9der \u00e0 certaines pages web pour stocker et r\u00e9cup\u00e9rer des informations sur la navigation effectu\u00e9e depuis l&#8217;appareil. &nbsp; Il existe diff\u00e9rents types de \u00ab cookies [&hellip;]\" \/>\n<meta property=\"og:url\" content=\"http:\/\/www.masiacanpei.com\/fr\/politique-de-cookies\/\" \/>\n<meta property=\"og:site_name\" content=\"Sections webcooking\" \/>\n<meta property=\"article:modified_time\" content=\"2026-03-08T18:27:28+00:00\" \/>\n<meta name=\"twitter:card\" content=\"summary_large_image\" \/>\n<meta name=\"twitter:label1\" content=\"Est. reading time\" \/>\n\t<meta name=\"twitter:data1\" content=\"7 minutes\" \/>\n<script type=\"application\/ld+json\" class=\"yoast-schema-graph\">{\"@context\":\"https:\\\/\\\/schema.org\",\"@graph\":[{\"@type\":\"WebPage\",\"@id\":\"http:\\\/\\\/www.masiacanpei.com\\\/fr\\\/politique-de-cookies\\\/\",\"url\":\"http:\\\/\\\/www.masiacanpei.com\\\/fr\\\/politique-de-cookies\\\/\",\"name\":\"Politique de cookies - Sections webcooking\",\"isPartOf\":{\"@id\":\"https:\\\/\\\/masiacanpei.com\\\/en\\\/#website\"},\"datePublished\":\"2025-09-09T20:27:08+00:00\",\"dateModified\":\"2026-03-08T18:27:28+00:00\",\"breadcrumb\":{\"@id\":\"http:\\\/\\\/www.masiacanpei.com\\\/fr\\\/politique-de-cookies\\\/#breadcrumb\"},\"inLanguage\":\"fr-FR\",\"potentialAction\":[{\"@type\":\"ReadAction\",\"target\":[\"http:\\\/\\\/www.masiacanpei.com\\\/fr\\\/politique-de-cookies\\\/\"]}]},{\"@type\":\"BreadcrumbList\",\"@id\":\"http:\\\/\\\/www.masiacanpei.com\\\/fr\\\/politique-de-cookies\\\/#breadcrumb\",\"itemListElement\":[{\"@type\":\"ListItem\",\"position\":1,\"name\":\"Inici\",\"item\":\"http:\\\/\\\/www.masiacanpei.com\\\/fr\\\/\"},{\"@type\":\"ListItem\",\"position\":2,\"name\":\"Politique de cookies\"}]},{\"@type\":\"WebSite\",\"@id\":\"https:\\\/\\\/masiacanpei.com\\\/en\\\/#website\",\"url\":\"https:\\\/\\\/masiacanpei.com\\\/en\\\/\",\"name\":\"Sections webcooking\",\"description\":\"\",\"potentialAction\":[{\"@type\":\"SearchAction\",\"target\":{\"@type\":\"EntryPoint\",\"urlTemplate\":\"https:\\\/\\\/masiacanpei.com\\\/en\\\/?s={search_term_string}\"},\"query-input\":{\"@type\":\"PropertyValueSpecification\",\"valueRequired\":true,\"valueName\":\"search_term_string\"}}],\"inLanguage\":\"fr-FR\"}]}<\/script>\n<!-- \/ Yoast SEO plugin. -->","yoast_head_json":{"title":"Politique de cookies - Sections webcooking","robots":{"index":"index","follow":"nofollow","max-snippet":"max-snippet:-1","max-image-preview":"max-image-preview:large","max-video-preview":"max-video-preview:-1"},"canonical":"http:\/\/www.masiacanpei.com\/fr\/politique-de-cookies\/","og_locale":"fr_FR","og_type":"article","og_title":"Politique de cookies - Sections webcooking","og_description":"Un cookie est un fichier qui se t\u00e9l\u00e9charge sur l&#8217;appareil depuis lequel vous consultez ou visualisez notre site web (ordinateur \/ smartphone \/ tablette) et qui est t\u00e9l\u00e9charg\u00e9 au moment d&#8217;acc\u00e9der \u00e0 certaines pages web pour stocker et r\u00e9cup\u00e9rer des informations sur la navigation effectu\u00e9e depuis l&#8217;appareil. &nbsp; Il existe diff\u00e9rents types de \u00ab cookies [&hellip;]","og_url":"http:\/\/www.masiacanpei.com\/fr\/politique-de-cookies\/","og_site_name":"Sections webcooking","article_modified_time":"2026-03-08T18:27:28+00:00","twitter_card":"summary_large_image","twitter_misc":{"Est. reading time":"7 minutes"},"schema":{"@context":"https:\/\/schema.org","@graph":[{"@type":"WebPage","@id":"http:\/\/www.masiacanpei.com\/fr\/politique-de-cookies\/","url":"http:\/\/www.masiacanpei.com\/fr\/politique-de-cookies\/","name":"Politique de cookies - Sections webcooking","isPartOf":{"@id":"https:\/\/masiacanpei.com\/en\/#website"},"datePublished":"2025-09-09T20:27:08+00:00","dateModified":"2026-03-08T18:27:28+00:00","breadcrumb":{"@id":"http:\/\/www.masiacanpei.com\/fr\/politique-de-cookies\/#breadcrumb"},"inLanguage":"fr-FR","potentialAction":[{"@type":"ReadAction","target":["http:\/\/www.masiacanpei.com\/fr\/politique-de-cookies\/"]}]},{"@type":"BreadcrumbList","@id":"http:\/\/www.masiacanpei.com\/fr\/politique-de-cookies\/#breadcrumb","itemListElement":[{"@type":"ListItem","position":1,"name":"Inici","item":"http:\/\/www.masiacanpei.com\/fr\/"},{"@type":"ListItem","position":2,"name":"Politique de cookies"}]},{"@type":"WebSite","@id":"https:\/\/masiacanpei.com\/en\/#website","url":"https:\/\/masiacanpei.com\/en\/","name":"Sections webcooking","description":"","potentialAction":[{"@type":"SearchAction","target":{"@type":"EntryPoint","urlTemplate":"https:\/\/masiacanpei.com\/en\/?s={search_term_string}"},"query-input":{"@type":"PropertyValueSpecification","valueRequired":true,"valueName":"search_term_string"}}],"inLanguage":"fr-FR"}]}},"_links":{"self":[{"href":"http:\/\/masiacanpei.com\/fr\/wp-json\/wp\/v2\/pages\/871","targetHints":{"allow":["GET"]}}],"collection":[{"href":"http:\/\/masiacanpei.com\/fr\/wp-json\/wp\/v2\/pages"}],"about":[{"href":"http:\/\/masiacanpei.com\/fr\/wp-json\/wp\/v2\/types\/page"}],"author":[{"embeddable":true,"href":"http:\/\/masiacanpei.com\/fr\/wp-json\/wp\/v2\/users\/1"}],"replies":[{"embeddable":true,"href":"http:\/\/masiacanpei.com\/fr\/wp-json\/wp\/v2\/comments?post=871"}],"version-history":[{"count":3,"href":"http:\/\/masiacanpei.com\/fr\/wp-json\/wp\/v2\/pages\/871\/revisions"}],"predecessor-version":[{"id":878,"href":"http:\/\/masiacanpei.com\/fr\/wp-json\/wp\/v2\/pages\/871\/revisions\/878"}],"wp:attachment":[{"href":"http:\/\/masiacanpei.com\/fr\/wp-json\/wp\/v2\/media?parent=871"}],"curies":[{"name":"wp","href":"https:\/\/api.w.org\/{rel}","templated":true}]}}