{"id":747,"date":"2025-09-09T22:14:44","date_gmt":"2025-09-09T20:14:44","guid":{"rendered":"https:\/\/masiacanpei.com\/politica-de-privacitat\/"},"modified":"2025-09-09T22:42:05","modified_gmt":"2025-09-09T20:42:05","slug":"politica-de-privacidad","status":"publish","type":"page","link":"http:\/\/masiacanpei.com\/es\/politica-de-privacidad\/","title":{"rendered":"Pol\u00edtica de privacidad"},"content":{"rendered":"<p>Visitar este sitio web no implica que el usuario est\u00e9 obligado a facilitar ninguna informaci\u00f3n sobre s\u00ed mismo. En el caso de que el usuario proporcione alguna informaci\u00f3n de car\u00e1cter personal mediante la cumplimentaci\u00f3n y env\u00edo de formularios, los datos recogidos en este sitio web ser\u00e1n utilizados con las finalidades, en la forma y con las limitaciones y derechos establecidos en la Ley Org\u00e1nica 3\/2018, de 5 de diciembre, de Protecci\u00f3n de Datos Personales y garant\u00eda de los derechos digitales, as\u00ed como por el Reglamento (UE) 2016\/679 del Parlamento Europeo y del Consejo, de 27 de abril de 2016, relativo a la protecci\u00f3n de las personas f\u00edsicas en lo que respecta al tratamiento de datos personales y a la libre circulaci\u00f3n de estos datos, y por el que se deroga la Directiva 95\/46\/CE (Reglamento General de Protecci\u00f3n de Datos o RGPD), y tal como se explica y detalla <strong>en esta pol\u00edtica de protecci\u00f3n de datos personales<\/strong>.<\/p>\n<p>Este sitio web te solicitar\u00e1 expresamente que leas y aceptes de manera expresa esta pol\u00edtica de privacidad y protecci\u00f3n de datos, en cumplimiento de lo dispuesto en la normativa vigente, y t\u00fa como usuario, seleccionando las casillas habilitadas a tal efecto. En este sitio web, previamente al env\u00edo de tus datos personales, confirmar\u00e1s a Can Pei S.L que has le\u00eddo, entendido y aceptado la pol\u00edtica de privacidad y protecci\u00f3n de datos. En caso de no estar de acuerdo, no aceptes las casillas y ponte en contacto con Can Pei S.L a trav\u00e9s de otro canal.<\/p>\n<p>En cumplimiento de lo dispuesto en esta normativa, Can Pei S.L es responsable de los ficheros, y como tal te informa que tus datos personales recogidos a trav\u00e9s del sitio web ser\u00e1n objeto de tratamiento seguro en nuestros sistemas. Se informa de que tanto este sitio web como los ficheros y sistemas de Can Pei S.L est\u00e1n protegidos con medidas de seguridad inform\u00e1tica que impiden su libre acceso, y garantizan que tanto el acceso como el tratamiento sean seguros, confidenciales, an\u00f3nimos y de acuerdo con las normas de seguridad inform\u00e1tica establecidas por la LOPDGDD y el RGPD. Dichas medidas de seguridad son adecuadas, necesarias y proporcionadas para garantizar que no existan accesos no autorizados ni vulneraciones de la seguridad del sistema.<\/p>\n<p>Las finalidades de los datos solicitados, que se incorporan a los ficheros gestionados por Can Pei S.L son:<\/p>\n<p>En caso de que los datos recogidos se utilicen con una finalidad distinta a la que fueron recabados, ser\u00e1 necesario el consentimiento expreso y previo de los interesados.<\/p>\n<p>En cumplimiento de lo dispuesto en esta normativa, Can Pei S.L como Responsable del Fichero te informa que tus datos personales recogidos a trav\u00e9s del Sitio Web ser\u00e1n objeto de tratamiento automatizado en nuestros ficheros debidamente registrados en la Agencia Espa\u00f1ola de Protecci\u00f3n de Datos con las finalidades detalladas anteriormente.<\/p>\n<p>Los datos facilitados podr\u00e1n ser cedidos a terceros con la \u00fanica finalidad de gestionar la solicitud realizada por el usuario y para el cumplimiento de nuestras obligaciones legales (asesor\u00edas, colaboraci\u00f3n con Autoridades y Administraciones P\u00fablicas, etc.). Can Pei S.L garantiza que los cesionarios de los datos tienen el mismo o un nivel superior de seguridad para el tratamiento que el de Can Pei S.L y que existe un contrato previo que regula la seguridad de dicha cesi\u00f3n.<\/p>\n<p>Can Pei S.L te informa expresamente que no realiza transferencias internacionales de datos.<\/p>\n<p>Procederemos a cancelar y eliminar los datos recogidos cuando ya no sean necesarios o relevantes para la finalidad para la que fueron recogidos, o cuando t\u00fa, como usuario, lo solicites de acuerdo con tu derecho de cancelaci\u00f3n.<\/p>\n<p>Una vez solicites la cancelaci\u00f3n de tus datos en ejercicio de tus derechos de protecci\u00f3n de datos o \u00e9stos ya no sean necesarios o relevantes para la finalidad para la que se recogieron, o hayan estado inactivos durante m\u00e1s de un a\u00f1o, Can Pei S.L los trasladar\u00e1 a un fichero de car\u00e1cter temporal y protegido con sistemas de anonimizaci\u00f3n y confidencialidad inform\u00e1tica, cuya \u00fanica finalidad ser\u00e1 conservar los datos sin tratarlos para cumplir sus obligaciones legales durante el tiempo establecido en las diferentes normativas por motivos de conservaci\u00f3n obligatoria.<\/p>\n<p>Como usuario e interesado, y en virtud de tu derecho a la informaci\u00f3n, en esta secci\u00f3n te informamos expresamente que eres titular de los derechos indicados a continuaci\u00f3n, y que son respetados por Can Pei S.L en el tratamiento de tus datos de car\u00e1cter personal:<\/p>\n<h3>Derecho de acceso<\/h3>\n<p>En virtud del derecho de acceso, el interesado puede obtener del responsable del tratamiento informaci\u00f3n relativa a datos concretos, incluidos en un fichero determinado, o a la totalidad de sus datos sometidos a tratamiento. Este derecho constituye el pilar de los derechos que tiene el afectado, ya que se le otorga el derecho a conocer los datos sometidos a tratamiento y, por tanto, posibilitar su poder de control sobre dichos datos. De este modo, el interesado est\u00e1 facultado para conocer la informaci\u00f3n relativa a su persona que figura en bases de datos y ficheros automatizados o no.<\/p>\n<h3>Derecho de rectificaci\u00f3n<\/h3>\n<p>Es el derecho del afectado a modificar los datos que resulten ser inexactos o incompletos.<\/p>\n<h3>Derecho de cancelaci\u00f3n<\/h3>\n<p>El ejercicio del derecho de cancelaci\u00f3n comportar\u00e1 la supresi\u00f3n de los datos que resulten ser inadecuados o excesivos, sin perjuicio del deber de bloqueo de acuerdo con lo dispuesto en la normativa vigente.<\/p>\n<h3>Derecho de oposici\u00f3n<\/h3>\n<p>Es el derecho del afectado a no llevar a cabo el tratamiento de sus datos personales o a cesarlo en los casos previstos por la normativa vigente.<\/p>\n<h3>Derecho de transparencia<\/h3>\n<p>Todo tratamiento de datos personales debe ser l\u00edcito y leal. Para las personas f\u00edsicas, debe quedar completamente claro que se est\u00e1n recogiendo, utilizando, consultando o procesando de otro modo datos personales que les conciernen, as\u00ed como el alcance con el que dichos datos son o ser\u00e1n tratados.<\/p>\n<h3>Derecho al olvido<\/h3>\n<p>El interesado tendr\u00e1 derecho a obtener, sin dilaci\u00f3n indebida, del responsable del tratamiento la supresi\u00f3n de los datos personales que le conciernan, quien estar\u00e1 obligado a suprimirlos sin dilaci\u00f3n indebida cuando concurra alguna de las circunstancias previstas en la normativa vigente.<\/p>\n<h3>Derecho a la limitaci\u00f3n del tratamiento<\/h3>\n<p>El interesado tendr\u00e1 derecho a obtener del responsable del tratamiento la limitaci\u00f3n del tratamiento de los datos cuando se cumplan las condiciones previstas en la normativa vigente.<\/p>\n<h3>Derecho a la portabilidad de los datos<\/h3>\n<p>El interesado tendr\u00e1 derecho a recibir los datos personales que le conciernan, que haya facilitado a un responsable del tratamiento, en un formato estructurado, de uso com\u00fan y lectura mec\u00e1nica, y a transmitirlos a otro responsable sin que el primero pueda impedirlo.<\/p>\n<p>Todos los derechos anteriores, as\u00ed como los que puedan surgir de acuerdo con la normativa vigente en materia de protecci\u00f3n de datos, tanto a nivel nacional como europeo, aunque no est\u00e9n incluidos en la lista anterior, son respetados por Can Pei S.L.<\/p>\n<p>Estos derechos se ejercer\u00e1n:<\/p>\n<ul>\n<li>Por el afectado, acreditando su identidad, tal como se establece en el apartado siguiente.<\/li>\n<li>Cuando el afectado se encuentre en situaci\u00f3n de discapacidad o minor\u00eda de edad que le impida ejercer estos derechos, podr\u00e1n ser ejercidos por su representante legal, previa acreditaci\u00f3n de esta condici\u00f3n.<\/li>\n<li>Tambi\u00e9n podr\u00e1n ejercerse a trav\u00e9s de un representante voluntario, expresamente designado para el ejercicio del derecho. En este caso, deber\u00e1 acreditarse claramente la identidad del representado, aportando una copia de su Documento Nacional de Identidad o documento equivalente, as\u00ed como la representaci\u00f3n conferida.<\/li>\n<\/ul>\n<p>Las condiciones generales para el ejercicio de los derechos son:<\/p>\n<ul>\n<li>Son derechos independientes, de manera que el ejercicio de cualquiera de ellos no puede entenderse como requisito previo para el ejercicio de otro.<\/li>\n<li>El ejercicio por parte del afectado de sus derechos ser\u00e1 gratuito.<\/li>\n<li>El ejercicio de los derechos debe llevarse a cabo marcando la casilla habilitada a tal efecto en cada uno de nuestros correos electr\u00f3nicos (newsletter) que tiene efectos autom\u00e1ticos o, si se prefiere, mediante comunicaci\u00f3n dirigida al responsable del fichero, por correo postal a nuestras oficinas situadas en Girona, Mas\u00eda Can Pei, S\/N, Catalu\u00f1a, Espa\u00f1a o por correo electr\u00f3nico a info@canpei.cat.<\/li>\n<\/ul>\n<p>Can Pei S.L informa expresamente que se han adoptado todas las medidas t\u00e9cnicas y organizativas necesarias a nuestro alcance para garantizar la seguridad e integridad de los datos, as\u00ed como para evitar su alteraci\u00f3n, p\u00e9rdida, tratamiento o acceso no autorizado.<\/p>\n<p>Los datos solicitados en el Sitio Web son obligatorios. La negativa a facilitar los datos solicitados significar\u00e1 la no prestaci\u00f3n o la imposibilidad de acceder al servicio para el que fueron requeridos, ya que si no los proporcionas, ni das tu consentimiento expreso para su tratamiento, esta parte no estar\u00eda cumpliendo con sus obligaciones legales derivadas de la normativa vigente de Protecci\u00f3n de Datos Personales.<\/p>\n<p>El acceso a este Sitio Web puede implicar el uso de cookies. Consulta nuestra pol\u00edtica de cookies en el siguiente enlace:<br \/>\n<a href=\"https:\/\/canpei.cat\/es\/politica-de-cookies\">https:\/\/canpei.cat\/es\/politica-de-cookies<\/a><\/p>\n","protected":false},"excerpt":{"rendered":"<p>Visitar este sitio web no implica que el usuario est\u00e9 obligado a facilitar ninguna informaci\u00f3n sobre s\u00ed mismo. En el caso de que el usuario proporcione alguna informaci\u00f3n de car\u00e1cter personal mediante la cumplimentaci\u00f3n y env\u00edo de formularios, los datos recogidos en este sitio web ser\u00e1n utilizados con las finalidades, en la forma y con [&hellip;]<\/p>\n","protected":false},"author":1,"featured_media":0,"parent":0,"menu_order":0,"comment_status":"closed","ping_status":"closed","template":"","meta":{"_acf_changed":false,"footnotes":""},"class_list":["post-747","page","type-page","status-publish","hentry"],"acf":[],"yoast_head":"<!-- This site is optimized with the Yoast SEO plugin v27.3 - https:\/\/yoast.com\/product\/yoast-seo-wordpress\/ -->\n<title>Pol\u00edtica de privacidad - Sections webcooking<\/title>\n<meta name=\"robots\" content=\"index, nofollow, max-snippet:-1, max-image-preview:large, max-video-preview:-1\" \/>\n<link rel=\"canonical\" href=\"https:\/\/masiacanpei.com\/es\/politica-de-privacidad\/\" \/>\n<meta property=\"og:locale\" content=\"es_ES\" \/>\n<meta property=\"og:type\" content=\"article\" \/>\n<meta property=\"og:title\" content=\"Pol\u00edtica de privacidad - Sections webcooking\" \/>\n<meta property=\"og:description\" content=\"Visitar este sitio web no implica que el usuario est\u00e9 obligado a facilitar ninguna informaci\u00f3n sobre s\u00ed mismo. En el caso de que el usuario proporcione alguna informaci\u00f3n de car\u00e1cter personal mediante la cumplimentaci\u00f3n y env\u00edo de formularios, los datos recogidos en este sitio web ser\u00e1n utilizados con las finalidades, en la forma y con [&hellip;]\" \/>\n<meta property=\"og:url\" content=\"https:\/\/masiacanpei.com\/es\/politica-de-privacidad\/\" \/>\n<meta property=\"og:site_name\" content=\"Sections webcooking\" \/>\n<meta property=\"article:modified_time\" content=\"2025-09-09T20:42:05+00:00\" \/>\n<meta name=\"twitter:card\" content=\"summary_large_image\" \/>\n<meta name=\"twitter:label1\" content=\"Tiempo de lectura\" \/>\n\t<meta name=\"twitter:data1\" content=\"8 minutos\" \/>\n<script type=\"application\/ld+json\" class=\"yoast-schema-graph\">{\"@context\":\"https:\\\/\\\/schema.org\",\"@graph\":[{\"@type\":\"WebPage\",\"@id\":\"https:\\\/\\\/masiacanpei.com\\\/es\\\/politica-de-privacidad\\\/\",\"url\":\"https:\\\/\\\/masiacanpei.com\\\/es\\\/politica-de-privacidad\\\/\",\"name\":\"Pol\u00edtica de privacidad - Sections webcooking\",\"isPartOf\":{\"@id\":\"https:\\\/\\\/masiacanpei.com\\\/#website\"},\"datePublished\":\"2025-09-09T20:14:44+00:00\",\"dateModified\":\"2025-09-09T20:42:05+00:00\",\"breadcrumb\":{\"@id\":\"https:\\\/\\\/masiacanpei.com\\\/es\\\/politica-de-privacidad\\\/#breadcrumb\"},\"inLanguage\":\"es\",\"potentialAction\":[{\"@type\":\"ReadAction\",\"target\":[\"https:\\\/\\\/masiacanpei.com\\\/es\\\/politica-de-privacidad\\\/\"]}]},{\"@type\":\"BreadcrumbList\",\"@id\":\"https:\\\/\\\/masiacanpei.com\\\/es\\\/politica-de-privacidad\\\/#breadcrumb\",\"itemListElement\":[{\"@type\":\"ListItem\",\"position\":1,\"name\":\"Inici\",\"item\":\"https:\\\/\\\/masiacanpei.com\\\/es\\\/\"},{\"@type\":\"ListItem\",\"position\":2,\"name\":\"Pol\u00edtica de privacidad\"}]},{\"@type\":\"WebSite\",\"@id\":\"https:\\\/\\\/masiacanpei.com\\\/#website\",\"url\":\"https:\\\/\\\/masiacanpei.com\\\/\",\"name\":\"Sections webcooking\",\"description\":\"\",\"potentialAction\":[{\"@type\":\"SearchAction\",\"target\":{\"@type\":\"EntryPoint\",\"urlTemplate\":\"https:\\\/\\\/masiacanpei.com\\\/?s={search_term_string}\"},\"query-input\":{\"@type\":\"PropertyValueSpecification\",\"valueRequired\":true,\"valueName\":\"search_term_string\"}}],\"inLanguage\":\"es\"}]}<\/script>\n<!-- \/ Yoast SEO plugin. -->","yoast_head_json":{"title":"Pol\u00edtica de privacidad - Sections webcooking","robots":{"index":"index","follow":"nofollow","max-snippet":"max-snippet:-1","max-image-preview":"max-image-preview:large","max-video-preview":"max-video-preview:-1"},"canonical":"https:\/\/masiacanpei.com\/es\/politica-de-privacidad\/","og_locale":"es_ES","og_type":"article","og_title":"Pol\u00edtica de privacidad - Sections webcooking","og_description":"Visitar este sitio web no implica que el usuario est\u00e9 obligado a facilitar ninguna informaci\u00f3n sobre s\u00ed mismo. En el caso de que el usuario proporcione alguna informaci\u00f3n de car\u00e1cter personal mediante la cumplimentaci\u00f3n y env\u00edo de formularios, los datos recogidos en este sitio web ser\u00e1n utilizados con las finalidades, en la forma y con [&hellip;]","og_url":"https:\/\/masiacanpei.com\/es\/politica-de-privacidad\/","og_site_name":"Sections webcooking","article_modified_time":"2025-09-09T20:42:05+00:00","twitter_card":"summary_large_image","twitter_misc":{"Tiempo de lectura":"8 minutos"},"schema":{"@context":"https:\/\/schema.org","@graph":[{"@type":"WebPage","@id":"https:\/\/masiacanpei.com\/es\/politica-de-privacidad\/","url":"https:\/\/masiacanpei.com\/es\/politica-de-privacidad\/","name":"Pol\u00edtica de privacidad - Sections webcooking","isPartOf":{"@id":"https:\/\/masiacanpei.com\/#website"},"datePublished":"2025-09-09T20:14:44+00:00","dateModified":"2025-09-09T20:42:05+00:00","breadcrumb":{"@id":"https:\/\/masiacanpei.com\/es\/politica-de-privacidad\/#breadcrumb"},"inLanguage":"es","potentialAction":[{"@type":"ReadAction","target":["https:\/\/masiacanpei.com\/es\/politica-de-privacidad\/"]}]},{"@type":"BreadcrumbList","@id":"https:\/\/masiacanpei.com\/es\/politica-de-privacidad\/#breadcrumb","itemListElement":[{"@type":"ListItem","position":1,"name":"Inici","item":"https:\/\/masiacanpei.com\/es\/"},{"@type":"ListItem","position":2,"name":"Pol\u00edtica de privacidad"}]},{"@type":"WebSite","@id":"https:\/\/masiacanpei.com\/#website","url":"https:\/\/masiacanpei.com\/","name":"Sections webcooking","description":"","potentialAction":[{"@type":"SearchAction","target":{"@type":"EntryPoint","urlTemplate":"https:\/\/masiacanpei.com\/?s={search_term_string}"},"query-input":{"@type":"PropertyValueSpecification","valueRequired":true,"valueName":"search_term_string"}}],"inLanguage":"es"}]}},"_links":{"self":[{"href":"http:\/\/masiacanpei.com\/es\/wp-json\/wp\/v2\/pages\/747","targetHints":{"allow":["GET"]}}],"collection":[{"href":"http:\/\/masiacanpei.com\/es\/wp-json\/wp\/v2\/pages"}],"about":[{"href":"http:\/\/masiacanpei.com\/es\/wp-json\/wp\/v2\/types\/page"}],"author":[{"embeddable":true,"href":"http:\/\/masiacanpei.com\/es\/wp-json\/wp\/v2\/users\/1"}],"replies":[{"embeddable":true,"href":"http:\/\/masiacanpei.com\/es\/wp-json\/wp\/v2\/comments?post=747"}],"version-history":[{"count":4,"href":"http:\/\/masiacanpei.com\/es\/wp-json\/wp\/v2\/pages\/747\/revisions"}],"predecessor-version":[{"id":776,"href":"http:\/\/masiacanpei.com\/es\/wp-json\/wp\/v2\/pages\/747\/revisions\/776"}],"wp:attachment":[{"href":"http:\/\/masiacanpei.com\/es\/wp-json\/wp\/v2\/media?parent=747"}],"curies":[{"name":"wp","href":"https:\/\/api.w.org\/{rel}","templated":true}]}}